{"id":1923,"date":"2016-11-02T00:16:11","date_gmt":"2016-11-01T22:16:11","guid":{"rendered":"https:\/\/materplat.dev-mat-imdea.org\/en\/?page_id=1923"},"modified":"2017-09-12T17:58:32","modified_gmt":"2017-09-12T15:58:32","slug":"raw-materials-innovation-group","status":"publish","type":"page","link":"https:\/\/materplat.dev-mat-imdea.org\/en\/innovation-groups\/raw-materials-innovation-group\/","title":{"rendered":"Raw Materials Innovation Group"},"content":{"rendered":"<p><img fetchpriority=\"high\" decoding=\"async\" class=\"size-full wp-image-1045\" src=\"https:\/\/materplat.dev-mat-imdea.org\/wp-content\/uploads\/AdobeStock_49939545-e1474936011554.jpeg\" alt=\"Grupo de Innovaci\u00f3n de Materias Primas\" width=\"3000\" height=\"1200\" srcset=\"https:\/\/materplat.dev-mat-imdea.org\/wp-content\/uploads\/AdobeStock_49939545-e1474936011554.jpeg 3000w, https:\/\/materplat.dev-mat-imdea.org\/wp-content\/uploads\/AdobeStock_49939545-e1474936011554-300x120.jpeg 300w, https:\/\/materplat.dev-mat-imdea.org\/wp-content\/uploads\/AdobeStock_49939545-e1474936011554-1024x410.jpeg 1024w\" sizes=\"(max-width: 3000px) 100vw, 3000px\" \/><\/p>\n<p class=\"p1\" style=\"text-align: justify;\"><span style=\"font-weight: 400;\">Due to its huge impact on the competitiveness of the industrial tissue, ensuring a sustainable raw materials supply is one of the main priorities of the European Union and naturally, of Spain as well. Uncertainty in raw materials supply has an effect on national strategic sectors such as the automotive, aerospace and renewable energies, among others.<\/span><\/p>\n<p class=\"p1\" style=\"text-align: justify;\"><span style=\"font-weight: 400;\">Besides, initiatives geared towards activating the transition to a new productive model that will reduce the pressure on the environment, on natural resources and raw materials, unchaining the application of less contaminant industrial processes, are also included within this Innovation Group. These are features completely related to the so-called <\/span><b>Circular Economy<\/b><span style=\"font-weight: 400;\">.<\/span><\/p>\n<p class=\"p1\" style=\"text-align: justify;\"><span style=\"font-weight: 400;\">If you are interested in participating in this Innovation Group, contact <\/span><a href=\"mailto:secretaria@materplat.org\"><span style=\"font-weight: 400;\">secretaria@materplat.org<\/span><\/a><span style=\"font-weight: 400;\">.<\/span><\/p>\n<p>Led by:<\/p>\n<p><img decoding=\"async\" class=\"wp-image-2758 alignnone\" src=\"https:\/\/materplat.dev-mat-imdea.org\/wp-content\/uploads\/\/GI-Materias-Primas-1-300x72.png\" alt=\"gi-materias-primas\" width=\"450\" height=\"109\" srcset=\"https:\/\/materplat.dev-mat-imdea.org\/wp-content\/uploads\/GI-Materias-Primas-1-300x72.png 300w, https:\/\/materplat.dev-mat-imdea.org\/wp-content\/uploads\/GI-Materias-Primas-1.png 567w\" sizes=\"(max-width: 450px) 100vw, 450px\" \/><\/p>\n<p style=\"text-align: justify;\">The Technological Platform <strong>MATERPLAT takes part in the Interplatform Group about Circular Economy<\/strong>, an initiative created to identify R&amp;D opportunities for the adoption of the industrial symbiosis concept in strategical industrial sectors in Spain as first step in the transition to a circular economy.<\/p>\n<p style=\"text-align: justify;\"><strong><img decoding=\"async\" class=\"alignleft wp-image-2763 size-full\" src=\"https:\/\/materplat.dev-mat-imdea.org\/wp-content\/uploads\/GI-EC-2.png\" width=\"300\" height=\"169\" \/><\/strong><strong>Moving towards a circular economy and the efficient use of resources has become one of the strategic goals of the European Union.<\/strong><\/p>\n<p style=\"text-align: justify;\">In June 2014, the Technological Platforms\u00a0<strong><a href=\"http:\/\/www.pt-planeta.es\/\">Planeta<\/a>,\u00a0<a href=\"http:\/\/www.suschem-es.org\/2013\/index.asp#.V4awDLiLRhE\">SusChem-Espa\u00f1a<\/a>,\u00a0<\/strong><a href=\"http:\/\/foodforlife-spain.es\/\"><strong>Food for Life-Spain (PTF4LS)<\/strong><\/a><strong>,\u00a0<a href=\"http:\/\/www.plataformaagua.org\/\">Plataforma Tecnol\u00f3gica Espa\u00f1ola del Agua<\/a>,\u00a0<a href=\"http:\/\/www.aceroplatea.es\/\">PLATEA<\/a>\u00a0<\/strong>and\u00a0<strong><a href=\"http:\/\/www.manufacturing-ket.com\/manu-ket\/\">MANU-KET<\/a>,<\/strong>\u00a0decided to create the Interplatforms Work Group of &#8220;Circular Economy&#8221; geared towards exploiting the potential of innovation and collaboration between strategic industrial sectors in Spain, in order to move towards a circular economy and the efficient use of resources. At the beginning of 2016, it was decided that the incorporation of new technological platforms would be\u00a0highly rewarding, given that there are many sectors that can contribute to the aforementioned change of model.<\/p>\n<p style=\"text-align: justify;\">Currently, this Group is constituted by <strong>23 Spanish Technological Platforms<\/strong>\u00a0that work promoting the implementation of European and Spanish strategies in the scope of the <strong>Circular Economy<\/strong>\u00a0through the dynamization of research and innovation actions, and setting up collaboration projects in the framework of national and international programs.<\/p>\n<p><img loading=\"lazy\" decoding=\"async\" class=\"aligncenter size-full wp-image-5646\" src=\"https:\/\/materplat.dev-mat-imdea.org\/wp-content\/uploads\/logo-GI-EC.gif\" alt=\"\" width=\"800\" height=\"350\" \/><\/p>\n<p style=\"text-align: justify;\">\n<p style=\"text-align: justify;\"><img loading=\"lazy\" decoding=\"async\" class=\"alignleft size-medium wp-image-2767\" src=\"https:\/\/materplat.dev-mat-imdea.org\/wp-content\/uploads\/\/Lema-GI-EC-300x169.png\" alt=\"lema-gi-ec\" width=\"300\" height=\"169\" srcset=\"https:\/\/materplat.dev-mat-imdea.org\/wp-content\/uploads\/Lema-GI-EC-300x169.png 300w, https:\/\/materplat.dev-mat-imdea.org\/wp-content\/uploads\/Lema-GI-EC.png 768w\" sizes=\"(max-width: 300px) 100vw, 300px\" \/>After the preliminary phase of building the group up and establishing its goals, an online tool\u00a0<strong><a href=\"http:\/\/www.suschem-es.org\/2013\/eventos\/encuestas\/economia_circular.asp\">\u201cConectando para una Econom\u00eda Circular\u201d<\/a>\u00a0<\/strong>was developed, so that users can publish and consult information about waste materials generated by other users in different industrial sectors, which can be used as raw materials for other processes. <a href=\"http:\/\/www.suschem-es.org\/2013\/eventos\/encuestas\/listado_publico.asp\">The tool allows to consult information about technology providers directed to the valorization and reutilization of those materials.<\/a><\/p>\n<p style=\"text-align: justify;\"><strong>The promotion of the Circular Economy has been collected in European and national research and innovation initiatives and strategies such as:<\/strong><\/p>\n<p style=\"text-align: justify;\">\u2013<strong>\u00a0<\/strong><strong><a href=\"https:\/\/ec.europa.eu\/growth\/tools-databases\/eip-raw-materials\/en\/content\/european-innovation-partnership-eip-raw-materials\">European Innovation Partnership on Raw Materials.<\/a><\/strong><br \/>\n<strong>\u2013\u00a0<\/strong><strong><a href=\"https:\/\/www.spire2030.eu\/intro\">PPP SPIRE.<\/a><\/strong><br \/>\n<strong>\u2013\u00a0<\/strong><strong><a href=\"http:\/\/biconsortium.eu\/\">PPP Bio-Based Industries.<\/a><\/strong><br \/>\n<strong>\u2013\u00a0<\/strong><strong><a href=\"http:\/\/ec.europa.eu\/research\/industrial_technologies\/factories-of-the-future_en.html\">PPP Factories of the Future.<\/a><\/strong><br \/>\n<strong>\u2013\u00a0<a href=\"http:\/\/bioeconomia.agripa.org\/\">Estrategia Espa\u00f1ola de Bio-econom\u00eda.<\/a><\/strong><br \/>\n<strong>\u2013\u00a0<a href=\"http:\/\/ec.europa.eu\/environment\/water\/innovationpartnership\/\">European Innovation Partnership on Water<\/a><\/strong><br \/>\n<strong>\u2013\u00a0<a href=\"http:\/\/eur-lex.europa.eu\/resource.html?uri=cellar:50edd1fd-01ec-11e4-831f-01aa75ed71a1.0009.02\/DOC_1&amp;format=PDF\">Hacia una econom\u00eda circular: un programa de cero residuos para Europa<\/a><\/strong><br \/>\n<strong>\u2013\u00a0<a href=\"http:\/\/europa.eu\/rapid\/press-release_IP-15-6203_es.htm\">Cerrar el C\u00edrculo. Un plan de Acci\u00f3n de la UE para la econom\u00eda circular<\/a><\/strong><\/p>\n<p style=\"text-align: justify;\">This way, the promotion of the Circular Economy is outlined in the scope of priorities of different funding programs and European and national calls such as\u00a0<strong><a href=\"http:\/\/ec.europa.eu\/environment\/life\/\">LIFE<\/a>,\u00a0<a href=\"https:\/\/ec.europa.eu\/programmes\/horizon2020\/en\/what-horizon-2020\">H2020<\/a>,\u00a0<a href=\"http:\/\/www.idi.mineco.gob.es\/portal\/site\/MICINN\/menuitem.7eeac5cd345b4f34f09dfd1001432ea0\/?vgnextoid=83b192b9036c2210VgnVCM1000001d04140aRCRD\">Plan Estatal de Investigaci\u00f3n Cient\u00edfica y T\u00e9cnica y de Innovaci\u00f3n 2013-2016<\/a>\u00a0<\/strong>or in the\u00a0smart specialization strategies of various\u00a0autonomous regions.<\/p>\n<p class=\"p1\" style=\"text-align: justify;\">The first step in the participation of MATERPLAT in this interplatforms work group has been outlined in the document <strong><span style=\"color: #e64a00;\">&#8220;Contribuci\u00f3n de las Plataformas Tecnol\u00f3gicas Espa\u00f1olas en la transici\u00f3n hacia una Econom\u00eda Circular&#8221;<\/span><\/strong>, presentad by\u00a0<a href=\"http:\/\/www.suschem-es.org\/2013\/index.asp#.V4awDLiLRhE\">SusChem <\/a>in\u00a0<a href=\"https:\/\/materplat.dev-mat-imdea.org\/congreso-nacional-medio-ambiente-conama\/\">CONAMA 2016<\/a>, which you can download hereafter:<\/p>\n<figure id=\"attachment_2901\" aria-describedby=\"caption-attachment-2901\" style=\"width: 213px\" class=\"wp-caption alignleft\"><a href=\"https:\/\/materplat.dev-mat-imdea.org\/wp-content\/uploads\/Contribucion_de_las_PTEs_en_la_transicion_hacia_una_Economia_Circular.pdf\"><img loading=\"lazy\" decoding=\"async\" class=\"wp-image-2901 size-medium\" src=\"https:\/\/materplat.dev-mat-imdea.org\/wp-content\/uploads\/\/Contribuci\u00f3n-de-las-PTEs-en-la-transici\u00f3n-hacia-una-Econom\u00eda-Circular-213x300.png\" alt=\"contribucion-de-las-ptes-en-la-transicion-hacia-una-economia-circular\" width=\"213\" height=\"300\" srcset=\"https:\/\/materplat.dev-mat-imdea.org\/wp-content\/uploads\/Contribuci\u00f3n-de-las-PTEs-en-la-transici\u00f3n-hacia-una-Econom\u00eda-Circular-213x300.png 213w, https:\/\/materplat.dev-mat-imdea.org\/wp-content\/uploads\/Contribuci\u00f3n-de-las-PTEs-en-la-transici\u00f3n-hacia-una-Econom\u00eda-Circular.png 636w\" sizes=\"(max-width: 213px) 100vw, 213px\" \/><\/a><figcaption id=\"caption-attachment-2901\" class=\"wp-caption-text\"><span style=\"color: #e64a00;\">Contribucion de las PTEs en la transicion hacia una Economia Circular<\/span><\/figcaption><\/figure>\n","protected":false},"excerpt":{"rendered":"<p>Due to its huge impact on the competitiveness of the industrial tissue, ensuring a sustainable raw materials supply is one of the main priorities of the European Union and naturally, [&hellip;]<\/p>\n","protected":false},"author":1,"featured_media":0,"parent":1927,"menu_order":0,"comment_status":"closed","ping_status":"closed","template":"","meta":{"_monsterinsights_skip_tracking":false,"_monsterinsights_sitenote_active":false,"_monsterinsights_sitenote_note":"","_monsterinsights_sitenote_category":0,"_genesis_hide_title":false,"_genesis_hide_breadcrumbs":false,"_genesis_hide_singular_image":false,"_genesis_hide_footer_widgets":false,"_genesis_custom_body_class":"grupos","_genesis_custom_post_class":"","_genesis_layout":"","footnotes":""},"acf":[],"_links":{"self":[{"href":"https:\/\/materplat.dev-mat-imdea.org\/en\/wp-json\/wp\/v2\/pages\/1923"}],"collection":[{"href":"https:\/\/materplat.dev-mat-imdea.org\/en\/wp-json\/wp\/v2\/pages"}],"about":[{"href":"https:\/\/materplat.dev-mat-imdea.org\/en\/wp-json\/wp\/v2\/types\/page"}],"author":[{"embeddable":true,"href":"https:\/\/materplat.dev-mat-imdea.org\/en\/wp-json\/wp\/v2\/users\/1"}],"replies":[{"embeddable":true,"href":"https:\/\/materplat.dev-mat-imdea.org\/en\/wp-json\/wp\/v2\/comments?post=1923"}],"version-history":[{"count":9,"href":"https:\/\/materplat.dev-mat-imdea.org\/en\/wp-json\/wp\/v2\/pages\/1923\/revisions"}],"predecessor-version":[{"id":5648,"href":"https:\/\/materplat.dev-mat-imdea.org\/en\/wp-json\/wp\/v2\/pages\/1923\/revisions\/5648"}],"up":[{"embeddable":true,"href":"https:\/\/materplat.dev-mat-imdea.org\/en\/wp-json\/wp\/v2\/pages\/1927"}],"wp:attachment":[{"href":"https:\/\/materplat.dev-mat-imdea.org\/en\/wp-json\/wp\/v2\/media?parent=1923"}],"curies":[{"name":"wp","href":"https:\/\/api.w.org\/{rel}","templated":true}]}}