{"id":6375,"date":"2018-01-18T14:13:05","date_gmt":"2018-01-18T12:13:05","guid":{"rendered":"https:\/\/materplat.dev-mat-imdea.org\/encuentro-empresarial-pymes-materplat-pae-hacia-sector-transporte\/"},"modified":"2018-04-09T17:16:40","modified_gmt":"2018-04-09T15:16:40","slug":"encuentro-empresarial-pymes-materplat-pae-hacia-sector-transporte","status":"publish","type":"page","link":"https:\/\/materplat.dev-mat-imdea.org\/en\/encuentro-empresarial-pymes-materplat-pae-hacia-sector-transporte\/","title":{"rendered":"Encuentro empresarial PYMEs MATERPLAT-PAE hacia el sector Transporte"},"content":{"rendered":"<p>Las plataformas tecnol\u00f3gicas <span style=\"color: #e64a00;\"><strong>MATERPLAT<\/strong> <\/span>y <a href=\"https:\/\/plataforma-aeroespacial.es\/\" target=\"_blank\" rel=\"noopener\"><strong>PAE<\/strong> <\/a>han decidido organizar un encuentro eminentemente empresarial en el que una serie de PYMES de ambas plataformas van a presentar en forma muy sint\u00e9tica ideas de desarrollos innovadores en materiales avanzados de posible aplicaci\u00f3n en la industria de transporte. <strong>El evento se celebrar\u00e1 el pr\u00f3ximo 10 de abril en el Instituto IMDEA Materiales (Getafe, Madrid).<\/strong><\/p>\n<p>El objetivo de esta jornada es el de permitir la m\u00e1xima difusi\u00f3n de esas ideas frente a una audiencia especializada para fomentar la aplicaci\u00f3n en todo el sector transporte de las mismas y la colaboraci\u00f3n y el apoyo a las PYMES innovadoras.<\/p>\n<p>La audiencia del evento estar\u00e1 formada por empresas del sector del transporte pertenecientes a ambas plataformas, aunque tambi\u00e9n estar\u00e1n invitados centros tecnol\u00f3gicos, universidades y entidades de la administraci\u00f3n.<\/p>\n<p>Aunque a la hora de organizar las reuniones con las PYMEs se dar\u00e1 prioridad a grandes empresas del sector transporte, cualquiera de las empresas asistentes podr\u00e1 solicitar una reuni\u00f3n bilateral con las PYMES cuyas ideas le interesen m\u00e1s: para ello se ha elaborado un libro de res\u00famenes de dichas ideas que pueda permitir solicitar dichas reuniones. El libro de res\u00famenes se puede descargar aqu\u00ed:<\/p>\n<p style=\"text-align: center;\"><a href=\"https:\/\/materplat.dev-mat-imdea.org\/wp-content\/uploads\/Libro-de-abstracts-evento-PYMES-PAE-MATERPLAT.pdf\" target=\"_blank\" rel=\"noopener\"><img fetchpriority=\"high\" decoding=\"async\" class=\"aligncenter wp-image-6386 size-medium\" src=\"https:\/\/materplat.dev-mat-imdea.org\/wp-content\/uploads\/encuentro-empresarial-PYMES-MATERPLAT-PAE-1-213x300.jpg\" alt=\"\" width=\"213\" height=\"300\" srcset=\"https:\/\/materplat.dev-mat-imdea.org\/wp-content\/uploads\/encuentro-empresarial-PYMES-MATERPLAT-PAE-1-213x300.jpg 213w, https:\/\/materplat.dev-mat-imdea.org\/wp-content\/uploads\/encuentro-empresarial-PYMES-MATERPLAT-PAE-1.jpg 552w\" sizes=\"(max-width: 213px) 100vw, 213px\" \/><\/a><\/p>\n<p><a href=\"https:\/\/materplat.dev-mat-imdea.org\/wp-content\/uploads\/Agenda-evento-PYMES-PAE-MATERPLAT.pdf\"><strong>Pincha aqu\u00ed para descargarte la agenda de la jornada.<\/strong><\/a><\/p>\n<div class=\"su-gmap su-u-responsive-media-yes\"><iframe width=\"600\" height=\"400\" src=\"\/\/maps.google.com\/maps?q=Tecnogetafe%2C%20Calle%20Eric%20Kandel%2C%202%2C%2028906%20Getafe%2C%20Madrid&amp;output=embed\" title=\"\"><\/iframe><\/div>\n<p>&nbsp;<\/p>\n","protected":false},"excerpt":{"rendered":"<p>Las plataformas tecnol\u00f3gicas MATERPLAT y PAE han decidido organizar un encuentro eminentemente empresarial en el que una serie de PYMES de ambas plataformas van a presentar en forma muy sint\u00e9tica [&hellip;]<\/p>\n","protected":false},"author":2,"featured_media":0,"parent":0,"menu_order":0,"comment_status":"closed","ping_status":"closed","template":"","meta":{"_monsterinsights_skip_tracking":false,"_monsterinsights_sitenote_active":false,"_monsterinsights_sitenote_note":"","_monsterinsights_sitenote_category":0,"_genesis_hide_title":false,"_genesis_hide_breadcrumbs":false,"_genesis_hide_singular_image":false,"_genesis_hide_footer_widgets":false,"_genesis_custom_body_class":"","_genesis_custom_post_class":"","_genesis_layout":"","footnotes":""},"acf":[],"_links":{"self":[{"href":"https:\/\/materplat.dev-mat-imdea.org\/en\/wp-json\/wp\/v2\/pages\/6375"}],"collection":[{"href":"https:\/\/materplat.dev-mat-imdea.org\/en\/wp-json\/wp\/v2\/pages"}],"about":[{"href":"https:\/\/materplat.dev-mat-imdea.org\/en\/wp-json\/wp\/v2\/types\/page"}],"author":[{"embeddable":true,"href":"https:\/\/materplat.dev-mat-imdea.org\/en\/wp-json\/wp\/v2\/users\/2"}],"replies":[{"embeddable":true,"href":"https:\/\/materplat.dev-mat-imdea.org\/en\/wp-json\/wp\/v2\/comments?post=6375"}],"version-history":[{"count":6,"href":"https:\/\/materplat.dev-mat-imdea.org\/en\/wp-json\/wp\/v2\/pages\/6375\/revisions"}],"predecessor-version":[{"id":6439,"href":"https:\/\/materplat.dev-mat-imdea.org\/en\/wp-json\/wp\/v2\/pages\/6375\/revisions\/6439"}],"wp:attachment":[{"href":"https:\/\/materplat.dev-mat-imdea.org\/en\/wp-json\/wp\/v2\/media?parent=6375"}],"curies":[{"name":"wp","href":"https:\/\/api.w.org\/{rel}","templated":true}]}}