{"id":7155,"date":"2018-10-15T17:32:00","date_gmt":"2018-10-15T15:32:00","guid":{"rendered":"https:\/\/materplat.dev-mat-imdea.org\/?page_id=7155"},"modified":"2023-04-12T13:34:11","modified_gmt":"2023-04-12T11:34:11","slug":"agenda-asamblea-general-materplat-2018","status":"publish","type":"page","link":"https:\/\/materplat.dev-mat-imdea.org\/en\/agenda-asamblea-general-materplat-2018\/","title":{"rendered":"Agenda Asamblea General MATERPLAT 2018"},"content":{"rendered":"<p><img fetchpriority=\"high\" decoding=\"async\" src=\"https:\/\/materplat.dev-mat-imdea.org\/wp-content\/uploads\/Banner-asamablea-web-GIMP_2-1024x239.png\" alt=\"\" width=\"1024\" height=\"239\"><\/p>\n<ul>\n<li>\n\t\t\t\t\t\t\t\t\t\t9.15 &#8211; 9.30 REGISTRO<\/li>\n<\/ul>\n<p>9.30 \u2013 9.45&nbsp;BIENVENIDA<br \/>\nFAUSTO RUBIO,<em>&nbsp;<\/em>Director del Instituto de Cer\u00e1mica y Vidrio del CSIC (ICV-CSIC)<br \/>\nJOS\u00c9 S\u00c1NCHEZ,&nbsp;Presidente MATERPLAT y&nbsp;Executive Composite Expert and Central Composite Technical Authority en Airbus<br \/>\nASIER GANDARIAS,&nbsp;Presidente SAMPE IBERICA y&nbsp;Business Development Composites Division en&nbsp;DANOBAT&nbsp;<\/p>\n<p>9.45 \u2013 10.10 ACTIVIDADES DE I+D DEL ICV-CSIC<br \/>\nFAUSTO RUBIO,<em>&nbsp;<\/em>Director del Instituto de Cer\u00e1mica y Vidrio del CSIC (ICV-CSIC)<\/p>\n<p>10.10 \u2013 10.35 ACTIVIDADES MATERPLAT 2018 Y OBJETIVOS 2019<br \/>\nMIGUEL \u00c1NGEL RODIEL,<em>&nbsp;<\/em>Coordinador MATERPLAT y Director de Tecnolog\u00eda del Instituto IMDEA Materiales<\/p>\n<p>10.35 \u2013 11.00 PREMIOS MATERPLAT. ANUNCIO GANADORES Y PRESENTACIONES &#8220;ELEVATOR PITCH&#8221; DE SUS TFM<br \/>\nJOS\u00c9 S\u00c1NCHEZ,<em>&nbsp;<\/em>Presidente MATERPLAT y&nbsp;Executive Composite Expert and Central Composite Technical Authority en Airbus<\/p>\n<ul>\n<li>\n\t\t\t\t\t\t\t\t\t\t11.00 &#8211; 11.30 COFFEE BREAK<\/li>\n<\/ul>\n<p>11.30 \u2013 11.55 PERSONALIZACI\u00d3N DE IMPLANTES Y SU FUNCI\u00d3N BIOL\u00d3GICA<br \/>\nJOS\u00c9 BECERRA,<em>&nbsp;<\/em>Catedr\u00e1tico de Biolog\u00eda Celular de la Universidad de M\u00e1laga y de la U28 de NANBIOSIS&nbsp;<\/p>\n<p>11.55 \u2013 12.20 RECONSTRUCCI\u00d3N DE EDIFICIOS CON SUS PROPIOS RESIDUOS. NUEVAS ESTRATEGIAS DE REUTILIZACI\u00d3N DE RESIDUOS DE CONSTRUCCI\u00d3N Y DEMOLICI\u00d3N<br \/>\nMAR\u00cdA CASADO BARRASA,<em>&nbsp;<\/em>ACCIONA Construcci\u00f3n<\/p>\n<p>12.20 \u2013 12.45 APUNTES SOBRE LOS RETOS DE TRANSFERENCIA DE TECNOLOG\u00cdA EN MATERIALES CER\u00c1MICOS FUNCIONALES<br \/>\nJOS\u00c9 F. FERN\u00c1NDEZ,<em>&nbsp;<\/em>Profesor del Instituto de Cer\u00e1mica y Vidrio del CSIC (ICV-CSIC)<\/p>\n<p>12.45 \u2013 13.10 HYPERLOOP Y AIRTIFICIAL: ESTRUCTURAS INTELIGENTES EN EL TRANSPORTE DEL FUTURO<br \/>\nMANUEL GUTI\u00c9RREZ,<em>&nbsp;<\/em>Director del proyecto Hyperloop en AIRTIFICIAL<\/p>\n<ul>\n<li>\n\t\t\t\t\t\t\t\t\t\t13.10 &#8211; 14.30 ALMUERZO<\/li>\n<\/ul>\n<p>14.30 \u2013 14.45 INTRODUCCI\u00d3N A SAMPE IBERICA<br \/>\nASIER GANDARIAS,<em>&nbsp;<\/em>Presidente SAMPE IBERICA y&nbsp;Business Development Composites Division en&nbsp;DANOBAT&nbsp;<\/p>\n<p>14.45 \u2013 15.15&nbsp;COMPOSITES TERMOPL\u00c1STICOS EN AERONAVES, FRUTO DE DESARROLLO DE MATERIALES Y PROCESOS<br \/>\nARNT OFFRINGA,<em>&nbsp;<\/em>Head of Aerostructures R&amp;T at Fokker Technologies\/GKN Aerospace<\/p>\n<p>15.15 \u2013 15.45&nbsp;SPACE STRUCTURE, IS METALLIC A COMPETITIVE SOLUTION TOWARD COMPOSITE?<br \/>\nGUY LARNAC,<em>&nbsp;<\/em>Technical Domain Coordinator for Materials, Structures and Industrialization at ARIANE GROUP<\/p>\n<ul>\n<li>\n\t\t\t\t\t\t\t\t\t\t15.45 &#8211; 16.00 CIERRE<\/li>\n<\/ul>\n<ul>\n<li>\n\t\t\t\t\t\t\t\t\t\t16.00 &#8211; 17.00 VISITA A LAS INSTALACIONES DEL ICV-CSIC<\/li>\n<\/ul>\n","protected":false},"excerpt":{"rendered":"<p>9.15 &#8211; 9.30 REGISTRO 9.30 \u2013 9.45&nbsp;BIENVENIDA FAUSTO RUBIO,&nbsp;Director del Instituto de Cer\u00e1mica y Vidrio del CSIC (ICV-CSIC) JOS\u00c9 S\u00c1NCHEZ,&nbsp;Presidente MATERPLAT y&nbsp;Executive Composite Expert and Central Composite Technical Authority en [&hellip;]<\/p>\n","protected":false},"author":2,"featured_media":0,"parent":0,"menu_order":0,"comment_status":"closed","ping_status":"closed","template":"","meta":{"_monsterinsights_skip_tracking":false,"_monsterinsights_sitenote_active":false,"_monsterinsights_sitenote_note":"","_monsterinsights_sitenote_category":0,"_genesis_hide_title":false,"_genesis_hide_breadcrumbs":false,"_genesis_hide_singular_image":false,"_genesis_hide_footer_widgets":false,"_genesis_custom_body_class":"","_genesis_custom_post_class":"","_genesis_layout":"","footnotes":""},"acf":[],"_links":{"self":[{"href":"https:\/\/materplat.dev-mat-imdea.org\/en\/wp-json\/wp\/v2\/pages\/7155"}],"collection":[{"href":"https:\/\/materplat.dev-mat-imdea.org\/en\/wp-json\/wp\/v2\/pages"}],"about":[{"href":"https:\/\/materplat.dev-mat-imdea.org\/en\/wp-json\/wp\/v2\/types\/page"}],"author":[{"embeddable":true,"href":"https:\/\/materplat.dev-mat-imdea.org\/en\/wp-json\/wp\/v2\/users\/2"}],"replies":[{"embeddable":true,"href":"https:\/\/materplat.dev-mat-imdea.org\/en\/wp-json\/wp\/v2\/comments?post=7155"}],"version-history":[{"count":16,"href":"https:\/\/materplat.dev-mat-imdea.org\/en\/wp-json\/wp\/v2\/pages\/7155\/revisions"}],"predecessor-version":[{"id":14448,"href":"https:\/\/materplat.dev-mat-imdea.org\/en\/wp-json\/wp\/v2\/pages\/7155\/revisions\/14448"}],"wp:attachment":[{"href":"https:\/\/materplat.dev-mat-imdea.org\/en\/wp-json\/wp\/v2\/media?parent=7155"}],"curies":[{"name":"wp","href":"https:\/\/api.w.org\/{rel}","templated":true}]}}